{"id":34,"date":"2017-09-13T16:48:00","date_gmt":"2017-09-13T19:48:00","guid":{"rendered":"https:\/\/www.drdanielmarcolin.com.br\/site\/?page_id=34"},"modified":"2026-02-04T13:39:32","modified_gmt":"2026-02-04T16:39:32","slug":"geriatria","status":"publish","type":"page","link":"https:\/\/www.drdanielmarcolin.com.br\/site\/geriatria\/","title":{"rendered":"Geriatria"},"content":{"rendered":"<p><strong>Geriatria<\/strong>\u00a0\u00e9 a especialidade da Medicina que tem como foco o cuidado dos idosos para a preven\u00e7\u00e3o, a manuten\u00e7\u00e3o e tratamento em suas mais diversas situa\u00e7\u00f5es de sa\u00fade e doen\u00e7a.O geriatra \u00e9 tamb\u00e9m um cl\u00ednico geral preparado para atender as particularidades da hist\u00f3ria cl\u00ednica e do exame do idoso.<\/p>\n<p><img decoding=\"async\" loading=\"lazy\" class=\"aligncenter wp-image-266 size-full\" src=\"https:\/\/www.drdanielmarcolin.com.br\/site\/wp-content\/uploads\/2022\/01\/sadasdsa.jpg\" alt=\"\" width=\"700\" height=\"357\" srcset=\"https:\/\/www.drdanielmarcolin.com.br\/site\/wp-content\/uploads\/2022\/01\/sadasdsa.jpg 700w, https:\/\/www.drdanielmarcolin.com.br\/site\/wp-content\/uploads\/2022\/01\/sadasdsa-300x153.jpg 300w\" sizes=\"(max-width: 700px) 100vw, 700px\"  loading=\"lazy\" \/><\/p>\n<div style=\"display: none;\">\n<p>geriatria passo fundo geriatra passo fundo, avalia\u00e7\u00e3o global do idoso em passo fundo, Dr. Daniel Marcolin, Passo Fundo RS, Dr. Daniel Marcolin e geriatria preventiva passo fundo<\/p>\n<h1>Dr. Daniel Marcolin em Passo Fundo,\u00a0avalia\u00e7\u00e3o global do idoso passo fundo, geriatra passo fundo,<\/h1>\n<h2>Dr. Daniel Marcolin em passo fundo, geriatria passo fundo e regi\u00e3o, geriatra passo fundo em passo fundo, Dr. Daniel Marcolin venda avalia\u00e7\u00e3o global do idoso geriatria preventiva passo fundo, geriatriaem passo fundo rs, Dr. Daniel Marcolin, para passo fundo e regi\u00e3o, Dr. Daniel Marcolin para passo fundo e regi\u00e3o\u00a0geriatria preventiva geriatria preventiva passo fundo de Dr. Daniel Marcolin em passo fundo, geriatria passo fundo e regi\u00e3o, geriatra passo fundo em passo fundo, Dr. Daniel Marcolin venda avalia\u00e7\u00e3o global do idoso geriatria preventiva passo fundo, geriatriaem passo fundo rs, Dr. Daniel Marcolin,<a title=\"geriatria preventiva geriatria preventiva passo fundo de Dr. Daniel Marcolin em passo fundo, geriatria passo fundo e regi\u00e3o, geriatra passo fundo em passo fundo, Dr. Daniel Marcolin venda avalia\u00e7\u00e3o global do idoso geriatria preventiva passo fundo, geriatriaem passo fundo rs, Dr. Daniel Marcolin, para passo fundo e regi\u00e3o, Dr. Daniel Marcolin para passo fundo e regi\u00e3o\" href=\"https:\/\/www.drdanielmarcolin.com.br\">para passo fundo e regi\u00e3o, Dr. Daniel Marcolin para passo fundo e regi\u00e3o\u00a0geriatria preventiva geriatria preventiva passo fundo de Dr. Daniel Marcolin em passo fundo, geriatria passo fundo e regi\u00e3o, geriatra passo fundo em passo fundo, Dr. Daniel Marcolin venda avalia\u00e7\u00e3o global do idoso geriatria preventiva passo fundo, geriatriaem passo fundo rs, Dr. Daniel Marcolin<\/a>, para passo fundo e regi\u00e3o, Dr. Daniel Marcolin para passo fundo e regi\u00e3o\u00a0geriatria preventiva geriatria preventiva passo fundo de Dr. Daniel Marcolin em passo fundo, geriatria passo fundo e regi\u00e3o, geriatra passo fundo em passo fundo, Dr. Daniel Marcolin venda avalia\u00e7\u00e3o global do idoso geriatria preventiva passo fundo, geriatriaem passo fundo rs, Dr. Daniel Marcolin, para passo fundo e regi\u00e3o, Dr. Daniel Marcolin para passo fundo e regi\u00e3o\u00a0geriatria preventiva geriatria preventiva passo fundo de Dr. Daniel Marcolin em passo fundo, geriatria passo fundo e regi\u00e3o, geriatra passo fundo em passo fundo, Dr. Daniel Marcolin venda avalia\u00e7\u00e3o global do idoso geriatria preventiva passo fundo, geriatriaem passo fundo rs, Dr. Daniel Marcolin, para passo fundo e regi\u00e3o,<a title=\"geriatria preventiva geriatria preventiva passo fundo de Dr. Daniel Marcolin em passo fundo, geriatria passo fundo e regi\u00e3o, geriatra passo fundo em passo fundo, Dr. Daniel Marcolin venda avalia\u00e7\u00e3o global do idoso geriatria preventiva passo fundo, geriatriaem passo fundo rs, Dr. Daniel Marcolin, para passo fundo e regi\u00e3o, Dr. Daniel Marcolin para passo fundo e regi\u00e3o\" href=\"https:\/\/www.drdanielmarcolin.com.br\/site\">Dr. Daniel Marcolin para passo fundo e regi\u00e3o\u00a0geriatria preventiva geriatria preventiva passo fundo de Dr. Daniel Marcolin em passo fundo, geriatria passo fundo e regi\u00e3o, cria\u00e7\u00e3o de sit<\/a>es em passo fundo, Dr. Daniel Marcolin venda avalia\u00e7\u00e3o global do idoso geriatria preventiva passo fundo, geriatriaem passo fundo rs, Dr. Daniel Marcolin, para passo fundo e regi\u00e3o, Dr. Daniel Marcolin para passo fundo e regi\u00e3o<\/h2>\n<div id=\"attachment_747\" style=\"width: 353px\" class=\"wp-caption aligncenter\"><a href=\"https:\/\/www.drdanielmarcolin.com.br\/site\/wp-content\/uploads\/2013\/06\/per\u00edcia-m\u00e9dica-passo-fundo-rs.jpg\"><img aria-describedby=\"caption-attachment-747\" decoding=\"async\" loading=\"lazy\" class=\"size-full wp-image-747 \" title=\"geriatria preventiva geriatria preventiva passo fundo de Dr. Daniel Marcolin em Passo Fundo\" src=\"https:\/\/www.drdanielmarcolin.com.br\/site\/wp-content\/uploads\/2013\/06\/per\u00edcia-m\u00e9dica-passo-fundo-rs.jpg\" alt=\"geriatria preventiva geriatria preventiva passo fundo de Dr. Daniel Marcolin em Passo Fundo\" width=\"343\" height=\"300\"  loading=\"lazy\" \/><\/a><p id=\"caption-attachment-747\" class=\"wp-caption-text\">geriatria preventiva geriatria preventiva passo fundo de Dr. Daniel Marcolin em Passo Fundo<\/p><\/div>\n<\/div>\n","protected":false},"excerpt":{"rendered":"<p>Geriatria\u00a0\u00e9 a especialidade da Medicina que tem como foco o cuidado dos idosos para a [&hellip;]<\/p>\n","protected":false},"author":1,"featured_media":0,"parent":0,"menu_order":0,"comment_status":"closed","ping_status":"closed","template":"","meta":[],"_links":{"self":[{"href":"https:\/\/www.drdanielmarcolin.com.br\/site\/wp-json\/wp\/v2\/pages\/34"}],"collection":[{"href":"https:\/\/www.drdanielmarcolin.com.br\/site\/wp-json\/wp\/v2\/pages"}],"about":[{"href":"https:\/\/www.drdanielmarcolin.com.br\/site\/wp-json\/wp\/v2\/types\/page"}],"author":[{"embeddable":true,"href":"https:\/\/www.drdanielmarcolin.com.br\/site\/wp-json\/wp\/v2\/users\/1"}],"replies":[{"embeddable":true,"href":"https:\/\/www.drdanielmarcolin.com.br\/site\/wp-json\/wp\/v2\/comments?post=34"}],"version-history":[{"count":8,"href":"https:\/\/www.drdanielmarcolin.com.br\/site\/wp-json\/wp\/v2\/pages\/34\/revisions"}],"predecessor-version":[{"id":401,"href":"https:\/\/www.drdanielmarcolin.com.br\/site\/wp-json\/wp\/v2\/pages\/34\/revisions\/401"}],"wp:attachment":[{"href":"https:\/\/www.drdanielmarcolin.com.br\/site\/wp-json\/wp\/v2\/media?parent=34"}],"curies":[{"name":"wp","href":"https:\/\/api.w.org\/{rel}","templated":true}]}}